{"id":5037,"date":"2019-07-24T11:10:58","date_gmt":"2019-07-24T09:10:58","guid":{"rendered":"http:\/\/www.stichbystich.de\/wp\/?post_type=product&#038;p=5037"},"modified":"2024-09-12T00:32:53","modified_gmt":"2024-09-11T22:32:53","slug":"wc-rollen-manschette","status":"publish","type":"product","link":"https:\/\/www.stichbystich.de\/wp\/produkt\/wc-rollen-manschette\/","title":{"rendered":"Muster  Bestickte T\u00e4schchen (Gr.S) Kundenbestellung"},"content":{"rendered":"<ul>\n<li>100% Polyester (Filz)<\/li>\n<li>Vielseitige Verwendungsm\u00f6glichkeiten<\/li>\n<li>Fach mit Zip und passendem Zieher<\/li>\n<li>Fassungsverm\u00f6gen in Ltr.: 1 (S),<br \/>\nMa\u00dfe in cm: 16 x 12,5 x 6 (S)<br \/>\nMax. Fl\u00e4che f\u00fcr runden Stickrahmen: Gr\u00f6\u00dfe 12 (S),<\/li>\n<\/ul>\n","protected":false},"excerpt":{"rendered":"<h3>Ein Hingucker zum Verschenken.<\/h3>\n<h4>Es muss ja nicht immer der obligatorische Blumenstrau\u00df oder die Flasche Wein sein.<\/h4>\n<h4>Es gibt auch alternativen.<\/h4>\n<h4>Verschenken sie doch etwas nachhaltiges.<\/h4>\n<pre>T\u00e4schchen war eine Kundenbestellung<\/pre>\n<h4><\/h4>\n<h4><\/h4>\n","protected":false},"featured_media":11673,"comment_status":"open","ping_status":"closed","template":"","meta":[],"product_cat":[1683,1269,1050,1048,1830,41],"product_tag":[1045,1085],"class_list":{"0":"post-5037","1":"product","2":"type-product","3":"status-publish","4":"has-post-thumbnail","6":"product_cat-filz-bestickt","7":"product_cat-muster","8":"product_cat-mein-wunschmotiv-text","9":"product_cat-musterstuecke-stickerei","10":"product_cat-stichbystich-print-post-in-bergisch-gladbach-schildgen","11":"product_cat-stickerei","12":"product_tag-koelner-stickerei","13":"product_tag-musterstickerei","15":"first","16":"outofstock","17":"virtual","18":"taxable","19":"purchasable","20":"product-type-simple"},"yoast_head":"<!-- This site is optimized with the Yoast SEO plugin v27.5 - https:\/\/yoast.com\/product\/yoast-seo-wordpress\/ -->\n<title>Muster Bestickte T\u00e4schchen (Gr.S) Kundenbestellung - stichbystich &amp; print<\/title>\n<meta name=\"robots\" content=\"index, follow, max-snippet:-1, max-image-preview:large, max-video-preview:-1\" \/>\n<link rel=\"canonical\" href=\"https:\/\/www.stichbystich.de\/wp\/produkt\/wc-rollen-manschette\/\" \/>\n<meta property=\"og:locale\" content=\"de_DE\" \/>\n<meta property=\"og:type\" content=\"article\" \/>\n<meta property=\"og:title\" content=\"Muster Bestickte T\u00e4schchen (Gr.S) Kundenbestellung - stichbystich &amp; print\" \/>\n<meta property=\"og:description\" content=\"Ein Hingucker zum Verschenken. Es muss ja nicht immer der obligatorische Blumenstrau\u00df oder die Flasche Wein sein. Es gibt auch alternativen. Verschenken sie doch etwas nachhaltiges. T\u00e4schchen war eine Kundenbestellung\" \/>\n<meta property=\"og:url\" content=\"https:\/\/www.stichbystich.de\/wp\/produkt\/wc-rollen-manschette\/\" \/>\n<meta property=\"og:site_name\" content=\"stichbystich &amp; print\" \/>\n<meta property=\"article:modified_time\" content=\"2024-09-11T22:32:53+00:00\" \/>\n<meta property=\"og:image\" content=\"https:\/\/www.stichbystich.de\/wp\/wp-content\/uploads\/Muster-3-scaled.jpg\" \/>\n\t<meta property=\"og:image:width\" content=\"2560\" \/>\n\t<meta property=\"og:image:height\" content=\"1920\" \/>\n\t<meta property=\"og:image:type\" content=\"image\/jpeg\" \/>\n<meta name=\"twitter:card\" content=\"summary_large_image\" \/>\n<meta name=\"twitter:label1\" content=\"Gesch\u00e4tzte Lesezeit\" \/>\n\t<meta name=\"twitter:data1\" content=\"1\u00a0Minute\" \/>\n<script type=\"application\/ld+json\" class=\"yoast-schema-graph\">{\"@context\":\"https:\\\/\\\/schema.org\",\"@graph\":[{\"@type\":\"WebPage\",\"@id\":\"https:\\\/\\\/www.stichbystich.de\\\/wp\\\/produkt\\\/wc-rollen-manschette\\\/\",\"url\":\"https:\\\/\\\/www.stichbystich.de\\\/wp\\\/produkt\\\/wc-rollen-manschette\\\/\",\"name\":\"Muster Bestickte T\u00e4schchen (Gr.S) Kundenbestellung - stichbystich &amp; print\",\"isPartOf\":{\"@id\":\"https:\\\/\\\/www.stichbystich.de\\\/wp\\\/#website\"},\"primaryImageOfPage\":{\"@id\":\"https:\\\/\\\/www.stichbystich.de\\\/wp\\\/produkt\\\/wc-rollen-manschette\\\/#primaryimage\"},\"image\":{\"@id\":\"https:\\\/\\\/www.stichbystich.de\\\/wp\\\/produkt\\\/wc-rollen-manschette\\\/#primaryimage\"},\"thumbnailUrl\":\"https:\\\/\\\/www.stichbystich.de\\\/wp\\\/wp-content\\\/uploads\\\/Muster-3-scaled.jpg\",\"datePublished\":\"2019-07-24T09:10:58+00:00\",\"dateModified\":\"2024-09-11T22:32:53+00:00\",\"breadcrumb\":{\"@id\":\"https:\\\/\\\/www.stichbystich.de\\\/wp\\\/produkt\\\/wc-rollen-manschette\\\/#breadcrumb\"},\"inLanguage\":\"de\",\"potentialAction\":[{\"@type\":\"ReadAction\",\"target\":[\"https:\\\/\\\/www.stichbystich.de\\\/wp\\\/produkt\\\/wc-rollen-manschette\\\/\"]}]},{\"@type\":\"ImageObject\",\"inLanguage\":\"de\",\"@id\":\"https:\\\/\\\/www.stichbystich.de\\\/wp\\\/produkt\\\/wc-rollen-manschette\\\/#primaryimage\",\"url\":\"https:\\\/\\\/www.stichbystich.de\\\/wp\\\/wp-content\\\/uploads\\\/Muster-3-scaled.jpg\",\"contentUrl\":\"https:\\\/\\\/www.stichbystich.de\\\/wp\\\/wp-content\\\/uploads\\\/Muster-3-scaled.jpg\",\"width\":2560,\"height\":1920},{\"@type\":\"BreadcrumbList\",\"@id\":\"https:\\\/\\\/www.stichbystich.de\\\/wp\\\/produkt\\\/wc-rollen-manschette\\\/#breadcrumb\",\"itemListElement\":[{\"@type\":\"ListItem\",\"position\":1,\"name\":\"Startseite\",\"item\":\"https:\\\/\\\/www.stichbystich.de\\\/wp\\\/\"},{\"@type\":\"ListItem\",\"position\":2,\"name\":\"STICHBYSTICH &#8211; KREATIV-Shop und meine Standorte in Bergisch Gladbach\",\"item\":\"https:\\\/\\\/www.stichbystich.de\\\/wp\\\/\"},{\"@type\":\"ListItem\",\"position\":3,\"name\":\"Muster Bestickte T\u00e4schchen (Gr.S) Kundenbestellung\"}]},{\"@type\":\"WebSite\",\"@id\":\"https:\\\/\\\/www.stichbystich.de\\\/wp\\\/#website\",\"url\":\"https:\\\/\\\/www.stichbystich.de\\\/wp\\\/\",\"name\":\"stichbystich\",\"description\":\"Stickerei - print - Strass\",\"publisher\":{\"@id\":\"https:\\\/\\\/www.stichbystich.de\\\/wp\\\/#organization\"},\"potentialAction\":[{\"@type\":\"SearchAction\",\"target\":{\"@type\":\"EntryPoint\",\"urlTemplate\":\"https:\\\/\\\/www.stichbystich.de\\\/wp\\\/?s={search_term_string}\"},\"query-input\":{\"@type\":\"PropertyValueSpecification\",\"valueRequired\":true,\"valueName\":\"search_term_string\"}}],\"inLanguage\":\"de\"},{\"@type\":\"Organization\",\"@id\":\"https:\\\/\\\/www.stichbystich.de\\\/wp\\\/#organization\",\"name\":\"stichbystich\",\"url\":\"https:\\\/\\\/www.stichbystich.de\\\/wp\\\/\",\"logo\":{\"@type\":\"ImageObject\",\"inLanguage\":\"de\",\"@id\":\"https:\\\/\\\/www.stichbystich.de\\\/wp\\\/#\\\/schema\\\/logo\\\/image\\\/\",\"url\":\"https:\\\/\\\/www.stichbystich.de\\\/wp\\\/wp-content\\\/uploads\\\/cropped-sbs-Logo-Internet-kleiner-1.png\",\"contentUrl\":\"https:\\\/\\\/www.stichbystich.de\\\/wp\\\/wp-content\\\/uploads\\\/cropped-sbs-Logo-Internet-kleiner-1.png\",\"width\":75,\"height\":107,\"caption\":\"stichbystich\"},\"image\":{\"@id\":\"https:\\\/\\\/www.stichbystich.de\\\/wp\\\/#\\\/schema\\\/logo\\\/image\\\/\"}}]}<\/script>\n<!-- \/ Yoast SEO plugin. -->","yoast_head_json":{"title":"Muster Bestickte T\u00e4schchen (Gr.S) Kundenbestellung - stichbystich &amp; print","robots":{"index":"index","follow":"follow","max-snippet":"max-snippet:-1","max-image-preview":"max-image-preview:large","max-video-preview":"max-video-preview:-1"},"canonical":"https:\/\/www.stichbystich.de\/wp\/produkt\/wc-rollen-manschette\/","og_locale":"de_DE","og_type":"article","og_title":"Muster Bestickte T\u00e4schchen (Gr.S) Kundenbestellung - stichbystich &amp; print","og_description":"Ein Hingucker zum Verschenken. Es muss ja nicht immer der obligatorische Blumenstrau\u00df oder die Flasche Wein sein. Es gibt auch alternativen. Verschenken sie doch etwas nachhaltiges. T\u00e4schchen war eine Kundenbestellung","og_url":"https:\/\/www.stichbystich.de\/wp\/produkt\/wc-rollen-manschette\/","og_site_name":"stichbystich &amp; print","article_modified_time":"2024-09-11T22:32:53+00:00","og_image":[{"width":2560,"height":1920,"url":"https:\/\/www.stichbystich.de\/wp\/wp-content\/uploads\/Muster-3-scaled.jpg","type":"image\/jpeg"}],"twitter_card":"summary_large_image","twitter_misc":{"Gesch\u00e4tzte Lesezeit":"1\u00a0Minute"},"schema":{"@context":"https:\/\/schema.org","@graph":[{"@type":"WebPage","@id":"https:\/\/www.stichbystich.de\/wp\/produkt\/wc-rollen-manschette\/","url":"https:\/\/www.stichbystich.de\/wp\/produkt\/wc-rollen-manschette\/","name":"Muster Bestickte T\u00e4schchen (Gr.S) Kundenbestellung - stichbystich &amp; print","isPartOf":{"@id":"https:\/\/www.stichbystich.de\/wp\/#website"},"primaryImageOfPage":{"@id":"https:\/\/www.stichbystich.de\/wp\/produkt\/wc-rollen-manschette\/#primaryimage"},"image":{"@id":"https:\/\/www.stichbystich.de\/wp\/produkt\/wc-rollen-manschette\/#primaryimage"},"thumbnailUrl":"https:\/\/www.stichbystich.de\/wp\/wp-content\/uploads\/Muster-3-scaled.jpg","datePublished":"2019-07-24T09:10:58+00:00","dateModified":"2024-09-11T22:32:53+00:00","breadcrumb":{"@id":"https:\/\/www.stichbystich.de\/wp\/produkt\/wc-rollen-manschette\/#breadcrumb"},"inLanguage":"de","potentialAction":[{"@type":"ReadAction","target":["https:\/\/www.stichbystich.de\/wp\/produkt\/wc-rollen-manschette\/"]}]},{"@type":"ImageObject","inLanguage":"de","@id":"https:\/\/www.stichbystich.de\/wp\/produkt\/wc-rollen-manschette\/#primaryimage","url":"https:\/\/www.stichbystich.de\/wp\/wp-content\/uploads\/Muster-3-scaled.jpg","contentUrl":"https:\/\/www.stichbystich.de\/wp\/wp-content\/uploads\/Muster-3-scaled.jpg","width":2560,"height":1920},{"@type":"BreadcrumbList","@id":"https:\/\/www.stichbystich.de\/wp\/produkt\/wc-rollen-manschette\/#breadcrumb","itemListElement":[{"@type":"ListItem","position":1,"name":"Startseite","item":"https:\/\/www.stichbystich.de\/wp\/"},{"@type":"ListItem","position":2,"name":"STICHBYSTICH &#8211; KREATIV-Shop und meine Standorte in Bergisch Gladbach","item":"https:\/\/www.stichbystich.de\/wp\/"},{"@type":"ListItem","position":3,"name":"Muster Bestickte T\u00e4schchen (Gr.S) Kundenbestellung"}]},{"@type":"WebSite","@id":"https:\/\/www.stichbystich.de\/wp\/#website","url":"https:\/\/www.stichbystich.de\/wp\/","name":"stichbystich","description":"Stickerei - print - Strass","publisher":{"@id":"https:\/\/www.stichbystich.de\/wp\/#organization"},"potentialAction":[{"@type":"SearchAction","target":{"@type":"EntryPoint","urlTemplate":"https:\/\/www.stichbystich.de\/wp\/?s={search_term_string}"},"query-input":{"@type":"PropertyValueSpecification","valueRequired":true,"valueName":"search_term_string"}}],"inLanguage":"de"},{"@type":"Organization","@id":"https:\/\/www.stichbystich.de\/wp\/#organization","name":"stichbystich","url":"https:\/\/www.stichbystich.de\/wp\/","logo":{"@type":"ImageObject","inLanguage":"de","@id":"https:\/\/www.stichbystich.de\/wp\/#\/schema\/logo\/image\/","url":"https:\/\/www.stichbystich.de\/wp\/wp-content\/uploads\/cropped-sbs-Logo-Internet-kleiner-1.png","contentUrl":"https:\/\/www.stichbystich.de\/wp\/wp-content\/uploads\/cropped-sbs-Logo-Internet-kleiner-1.png","width":75,"height":107,"caption":"stichbystich"},"image":{"@id":"https:\/\/www.stichbystich.de\/wp\/#\/schema\/logo\/image\/"}}]}},"_links":{"self":[{"href":"https:\/\/www.stichbystich.de\/wp\/wp-json\/wp\/v2\/product\/5037","targetHints":{"allow":["GET"]}}],"collection":[{"href":"https:\/\/www.stichbystich.de\/wp\/wp-json\/wp\/v2\/product"}],"about":[{"href":"https:\/\/www.stichbystich.de\/wp\/wp-json\/wp\/v2\/types\/product"}],"replies":[{"embeddable":true,"href":"https:\/\/www.stichbystich.de\/wp\/wp-json\/wp\/v2\/comments?post=5037"}],"wp:featuredmedia":[{"embeddable":true,"href":"https:\/\/www.stichbystich.de\/wp\/wp-json\/wp\/v2\/media\/11673"}],"wp:attachment":[{"href":"https:\/\/www.stichbystich.de\/wp\/wp-json\/wp\/v2\/media?parent=5037"}],"wp:term":[{"taxonomy":"product_cat","embeddable":true,"href":"https:\/\/www.stichbystich.de\/wp\/wp-json\/wp\/v2\/product_cat?post=5037"},{"taxonomy":"product_tag","embeddable":true,"href":"https:\/\/www.stichbystich.de\/wp\/wp-json\/wp\/v2\/product_tag?post=5037"}],"curies":[{"name":"wp","href":"https:\/\/api.w.org\/{rel}","templated":true}]}}