{"id":4648,"date":"2017-06-20T23:30:42","date_gmt":"2017-06-20T21:30:42","guid":{"rendered":"http:\/\/www.stichbystich.de\/wp\/index.php\/produkt\/dreispitz-in-weiss-mit-viel-strass\/"},"modified":"2024-01-17T07:42:23","modified_gmt":"2024-01-17T06:42:23","slug":"dreispitz-in-weiss-mit-viel-strass","status":"publish","type":"product","link":"https:\/\/www.stichbystich.de\/wp\/produkt\/dreispitz-in-weiss-mit-viel-strass\/","title":{"rendered":"Dreispitz wei\u00df mit viel Strass"},"content":{"rendered":"<h3>\u00a0Damit sie als Kunde davon ausgehen k\u00f6nnen, das die H\u00fcte, die\u00a0 sie bei uns kaufen, nicht kopiert werden k\u00f6nnen, beziehen wir unsere kleinen Details zum Gr\u00f6\u00dfenteil im Ausland oder stellen diese in der eigenen Werkstatt her.<\/h3>\n<h3><strong>Hut-Gr\u00f6\u00dfe 57<\/strong><\/h3>\n<h3><\/h3>\n","protected":false},"excerpt":{"rendered":"<h3>Der Dreispitz ist mit\u00a0wei\u00dfen gl\u00e4nzenden \u00a0Stoff bezogen. Am Hutrand sind 2 Reihen Spitze angen\u00e4ht. An der rechten hinteren Ecke\u00a0ist noch Spitze angebracht, die\u00a0locker bis zur \u00a0Schulter geht. Die Federn kommen aus einer renommierten Federfabrik. An den drei Seiten befinden sich\u00a0 verschiedene Strass-Elemente.<\/h3>\n<h3>Zu guter Letzt das Highlight auf dem Dreispitz: DIE\u00a0 GROSSE STRASS-BROSCHE.<\/h3>\n<h3>Einfach nur Weltklasse<\/h3>\n","protected":false},"featured_media":4650,"comment_status":"open","ping_status":"closed","template":"","meta":[],"product_cat":[815,814],"product_tag":[820,824,821,819,823,818],"class_list":{"0":"post-4648","1":"product","2":"type-product","3":"status-publish","4":"has-post-thumbnail","6":"product_cat-dreispitze","7":"product_cat-karneval","8":"product_tag-dreispitz-karneval","9":"product_tag-dreispitz-karneval-weiss","10":"product_tag-karneval-rot-weiss","11":"product_tag-karnevalsdreispitz","12":"product_tag-karnevalsdreispitz-strass","13":"product_tag-karnevalshut","15":"first","16":"outofstock","17":"taxable","18":"shipping-taxable","19":"purchasable","20":"product-type-simple"},"yoast_head":"<!-- This site is optimized with the Yoast SEO plugin v27.4 - https:\/\/yoast.com\/product\/yoast-seo-wordpress\/ -->\n<title>Dreispitz wei\u00df mit viel Strass - stichbystich &amp; print<\/title>\n<meta name=\"robots\" content=\"index, follow, max-snippet:-1, max-image-preview:large, max-video-preview:-1\" \/>\n<link rel=\"canonical\" href=\"https:\/\/www.stichbystich.de\/wp\/produkt\/dreispitz-in-weiss-mit-viel-strass\/\" \/>\n<meta property=\"og:locale\" content=\"de_DE\" \/>\n<meta property=\"og:type\" content=\"article\" \/>\n<meta property=\"og:title\" content=\"Dreispitz wei\u00df mit viel Strass - stichbystich &amp; print\" \/>\n<meta property=\"og:description\" content=\"Der Dreispitz ist mit\u00a0wei\u00dfen gl\u00e4nzenden \u00a0Stoff bezogen. Am Hutrand sind 2 Reihen Spitze angen\u00e4ht. An der rechten hinteren Ecke\u00a0ist noch Spitze angebracht, die\u00a0locker bis zur \u00a0Schulter geht. Die Federn kommen aus einer renommierten Federfabrik. An den drei Seiten befinden sich\u00a0 verschiedene Strass-Elemente. Zu guter Letzt das Highlight auf dem Dreispitz: DIE\u00a0 GROSSE STRASS-BROSCHE. Einfach nur Weltklasse\" \/>\n<meta property=\"og:url\" content=\"https:\/\/www.stichbystich.de\/wp\/produkt\/dreispitz-in-weiss-mit-viel-strass\/\" \/>\n<meta property=\"og:site_name\" content=\"stichbystich &amp; print\" \/>\n<meta property=\"article:modified_time\" content=\"2024-01-17T06:42:23+00:00\" \/>\n<meta property=\"og:image\" content=\"https:\/\/www.stichbystich.de\/wp\/wp-content\/uploads\/Dreispitz10wei\u00df-b.jpg\" \/>\n\t<meta property=\"og:image:width\" content=\"1797\" \/>\n\t<meta property=\"og:image:height\" content=\"1348\" \/>\n\t<meta property=\"og:image:type\" content=\"image\/jpeg\" \/>\n<meta name=\"twitter:card\" content=\"summary_large_image\" \/>\n<script type=\"application\/ld+json\" class=\"yoast-schema-graph\">{\"@context\":\"https:\\\/\\\/schema.org\",\"@graph\":[{\"@type\":\"WebPage\",\"@id\":\"https:\\\/\\\/www.stichbystich.de\\\/wp\\\/produkt\\\/dreispitz-in-weiss-mit-viel-strass\\\/\",\"url\":\"https:\\\/\\\/www.stichbystich.de\\\/wp\\\/produkt\\\/dreispitz-in-weiss-mit-viel-strass\\\/\",\"name\":\"Dreispitz wei\u00df mit viel Strass - stichbystich &amp; print\",\"isPartOf\":{\"@id\":\"https:\\\/\\\/www.stichbystich.de\\\/wp\\\/#website\"},\"primaryImageOfPage\":{\"@id\":\"https:\\\/\\\/www.stichbystich.de\\\/wp\\\/produkt\\\/dreispitz-in-weiss-mit-viel-strass\\\/#primaryimage\"},\"image\":{\"@id\":\"https:\\\/\\\/www.stichbystich.de\\\/wp\\\/produkt\\\/dreispitz-in-weiss-mit-viel-strass\\\/#primaryimage\"},\"thumbnailUrl\":\"https:\\\/\\\/www.stichbystich.de\\\/wp\\\/wp-content\\\/uploads\\\/Dreispitz10wei\u00df-b.jpg\",\"datePublished\":\"2017-06-20T21:30:42+00:00\",\"dateModified\":\"2024-01-17T06:42:23+00:00\",\"breadcrumb\":{\"@id\":\"https:\\\/\\\/www.stichbystich.de\\\/wp\\\/produkt\\\/dreispitz-in-weiss-mit-viel-strass\\\/#breadcrumb\"},\"inLanguage\":\"de\",\"potentialAction\":[{\"@type\":\"ReadAction\",\"target\":[\"https:\\\/\\\/www.stichbystich.de\\\/wp\\\/produkt\\\/dreispitz-in-weiss-mit-viel-strass\\\/\"]}]},{\"@type\":\"ImageObject\",\"inLanguage\":\"de\",\"@id\":\"https:\\\/\\\/www.stichbystich.de\\\/wp\\\/produkt\\\/dreispitz-in-weiss-mit-viel-strass\\\/#primaryimage\",\"url\":\"https:\\\/\\\/www.stichbystich.de\\\/wp\\\/wp-content\\\/uploads\\\/Dreispitz10wei\u00df-b.jpg\",\"contentUrl\":\"https:\\\/\\\/www.stichbystich.de\\\/wp\\\/wp-content\\\/uploads\\\/Dreispitz10wei\u00df-b.jpg\",\"width\":1797,\"height\":1348,\"caption\":\"Dreispitz 10 wei\u00df\"},{\"@type\":\"BreadcrumbList\",\"@id\":\"https:\\\/\\\/www.stichbystich.de\\\/wp\\\/produkt\\\/dreispitz-in-weiss-mit-viel-strass\\\/#breadcrumb\",\"itemListElement\":[{\"@type\":\"ListItem\",\"position\":1,\"name\":\"Startseite\",\"item\":\"https:\\\/\\\/www.stichbystich.de\\\/wp\\\/\"},{\"@type\":\"ListItem\",\"position\":2,\"name\":\"STICHBYSTICH &#8211; KREATIV-Shop und meine Standorte in Bergisch Gladbach\",\"item\":\"https:\\\/\\\/www.stichbystich.de\\\/wp\\\/\"},{\"@type\":\"ListItem\",\"position\":3,\"name\":\"Dreispitz wei\u00df mit viel Strass\"}]},{\"@type\":\"WebSite\",\"@id\":\"https:\\\/\\\/www.stichbystich.de\\\/wp\\\/#website\",\"url\":\"https:\\\/\\\/www.stichbystich.de\\\/wp\\\/\",\"name\":\"stichbystich\",\"description\":\"Stickerei - print - Strass\",\"publisher\":{\"@id\":\"https:\\\/\\\/www.stichbystich.de\\\/wp\\\/#organization\"},\"potentialAction\":[{\"@type\":\"SearchAction\",\"target\":{\"@type\":\"EntryPoint\",\"urlTemplate\":\"https:\\\/\\\/www.stichbystich.de\\\/wp\\\/?s={search_term_string}\"},\"query-input\":{\"@type\":\"PropertyValueSpecification\",\"valueRequired\":true,\"valueName\":\"search_term_string\"}}],\"inLanguage\":\"de\"},{\"@type\":\"Organization\",\"@id\":\"https:\\\/\\\/www.stichbystich.de\\\/wp\\\/#organization\",\"name\":\"stichbystich\",\"url\":\"https:\\\/\\\/www.stichbystich.de\\\/wp\\\/\",\"logo\":{\"@type\":\"ImageObject\",\"inLanguage\":\"de\",\"@id\":\"https:\\\/\\\/www.stichbystich.de\\\/wp\\\/#\\\/schema\\\/logo\\\/image\\\/\",\"url\":\"https:\\\/\\\/www.stichbystich.de\\\/wp\\\/wp-content\\\/uploads\\\/cropped-sbs-Logo-Internet-kleiner-1.png\",\"contentUrl\":\"https:\\\/\\\/www.stichbystich.de\\\/wp\\\/wp-content\\\/uploads\\\/cropped-sbs-Logo-Internet-kleiner-1.png\",\"width\":75,\"height\":107,\"caption\":\"stichbystich\"},\"image\":{\"@id\":\"https:\\\/\\\/www.stichbystich.de\\\/wp\\\/#\\\/schema\\\/logo\\\/image\\\/\"}}]}<\/script>\n<!-- \/ Yoast SEO plugin. -->","yoast_head_json":{"title":"Dreispitz wei\u00df mit viel Strass - stichbystich &amp; print","robots":{"index":"index","follow":"follow","max-snippet":"max-snippet:-1","max-image-preview":"max-image-preview:large","max-video-preview":"max-video-preview:-1"},"canonical":"https:\/\/www.stichbystich.de\/wp\/produkt\/dreispitz-in-weiss-mit-viel-strass\/","og_locale":"de_DE","og_type":"article","og_title":"Dreispitz wei\u00df mit viel Strass - stichbystich &amp; print","og_description":"Der Dreispitz ist mit\u00a0wei\u00dfen gl\u00e4nzenden \u00a0Stoff bezogen. Am Hutrand sind 2 Reihen Spitze angen\u00e4ht. An der rechten hinteren Ecke\u00a0ist noch Spitze angebracht, die\u00a0locker bis zur \u00a0Schulter geht. Die Federn kommen aus einer renommierten Federfabrik. An den drei Seiten befinden sich\u00a0 verschiedene Strass-Elemente. Zu guter Letzt das Highlight auf dem Dreispitz: DIE\u00a0 GROSSE STRASS-BROSCHE. Einfach nur Weltklasse","og_url":"https:\/\/www.stichbystich.de\/wp\/produkt\/dreispitz-in-weiss-mit-viel-strass\/","og_site_name":"stichbystich &amp; print","article_modified_time":"2024-01-17T06:42:23+00:00","og_image":[{"width":1797,"height":1348,"url":"https:\/\/www.stichbystich.de\/wp\/wp-content\/uploads\/Dreispitz10wei\u00df-b.jpg","type":"image\/jpeg"}],"twitter_card":"summary_large_image","schema":{"@context":"https:\/\/schema.org","@graph":[{"@type":"WebPage","@id":"https:\/\/www.stichbystich.de\/wp\/produkt\/dreispitz-in-weiss-mit-viel-strass\/","url":"https:\/\/www.stichbystich.de\/wp\/produkt\/dreispitz-in-weiss-mit-viel-strass\/","name":"Dreispitz wei\u00df mit viel Strass - stichbystich &amp; print","isPartOf":{"@id":"https:\/\/www.stichbystich.de\/wp\/#website"},"primaryImageOfPage":{"@id":"https:\/\/www.stichbystich.de\/wp\/produkt\/dreispitz-in-weiss-mit-viel-strass\/#primaryimage"},"image":{"@id":"https:\/\/www.stichbystich.de\/wp\/produkt\/dreispitz-in-weiss-mit-viel-strass\/#primaryimage"},"thumbnailUrl":"https:\/\/www.stichbystich.de\/wp\/wp-content\/uploads\/Dreispitz10wei\u00df-b.jpg","datePublished":"2017-06-20T21:30:42+00:00","dateModified":"2024-01-17T06:42:23+00:00","breadcrumb":{"@id":"https:\/\/www.stichbystich.de\/wp\/produkt\/dreispitz-in-weiss-mit-viel-strass\/#breadcrumb"},"inLanguage":"de","potentialAction":[{"@type":"ReadAction","target":["https:\/\/www.stichbystich.de\/wp\/produkt\/dreispitz-in-weiss-mit-viel-strass\/"]}]},{"@type":"ImageObject","inLanguage":"de","@id":"https:\/\/www.stichbystich.de\/wp\/produkt\/dreispitz-in-weiss-mit-viel-strass\/#primaryimage","url":"https:\/\/www.stichbystich.de\/wp\/wp-content\/uploads\/Dreispitz10wei\u00df-b.jpg","contentUrl":"https:\/\/www.stichbystich.de\/wp\/wp-content\/uploads\/Dreispitz10wei\u00df-b.jpg","width":1797,"height":1348,"caption":"Dreispitz 10 wei\u00df"},{"@type":"BreadcrumbList","@id":"https:\/\/www.stichbystich.de\/wp\/produkt\/dreispitz-in-weiss-mit-viel-strass\/#breadcrumb","itemListElement":[{"@type":"ListItem","position":1,"name":"Startseite","item":"https:\/\/www.stichbystich.de\/wp\/"},{"@type":"ListItem","position":2,"name":"STICHBYSTICH &#8211; KREATIV-Shop und meine Standorte in Bergisch Gladbach","item":"https:\/\/www.stichbystich.de\/wp\/"},{"@type":"ListItem","position":3,"name":"Dreispitz wei\u00df mit viel Strass"}]},{"@type":"WebSite","@id":"https:\/\/www.stichbystich.de\/wp\/#website","url":"https:\/\/www.stichbystich.de\/wp\/","name":"stichbystich","description":"Stickerei - print - Strass","publisher":{"@id":"https:\/\/www.stichbystich.de\/wp\/#organization"},"potentialAction":[{"@type":"SearchAction","target":{"@type":"EntryPoint","urlTemplate":"https:\/\/www.stichbystich.de\/wp\/?s={search_term_string}"},"query-input":{"@type":"PropertyValueSpecification","valueRequired":true,"valueName":"search_term_string"}}],"inLanguage":"de"},{"@type":"Organization","@id":"https:\/\/www.stichbystich.de\/wp\/#organization","name":"stichbystich","url":"https:\/\/www.stichbystich.de\/wp\/","logo":{"@type":"ImageObject","inLanguage":"de","@id":"https:\/\/www.stichbystich.de\/wp\/#\/schema\/logo\/image\/","url":"https:\/\/www.stichbystich.de\/wp\/wp-content\/uploads\/cropped-sbs-Logo-Internet-kleiner-1.png","contentUrl":"https:\/\/www.stichbystich.de\/wp\/wp-content\/uploads\/cropped-sbs-Logo-Internet-kleiner-1.png","width":75,"height":107,"caption":"stichbystich"},"image":{"@id":"https:\/\/www.stichbystich.de\/wp\/#\/schema\/logo\/image\/"}}]}},"_links":{"self":[{"href":"https:\/\/www.stichbystich.de\/wp\/wp-json\/wp\/v2\/product\/4648","targetHints":{"allow":["GET"]}}],"collection":[{"href":"https:\/\/www.stichbystich.de\/wp\/wp-json\/wp\/v2\/product"}],"about":[{"href":"https:\/\/www.stichbystich.de\/wp\/wp-json\/wp\/v2\/types\/product"}],"replies":[{"embeddable":true,"href":"https:\/\/www.stichbystich.de\/wp\/wp-json\/wp\/v2\/comments?post=4648"}],"wp:featuredmedia":[{"embeddable":true,"href":"https:\/\/www.stichbystich.de\/wp\/wp-json\/wp\/v2\/media\/4650"}],"wp:attachment":[{"href":"https:\/\/www.stichbystich.de\/wp\/wp-json\/wp\/v2\/media?parent=4648"}],"wp:term":[{"taxonomy":"product_cat","embeddable":true,"href":"https:\/\/www.stichbystich.de\/wp\/wp-json\/wp\/v2\/product_cat?post=4648"},{"taxonomy":"product_tag","embeddable":true,"href":"https:\/\/www.stichbystich.de\/wp\/wp-json\/wp\/v2\/product_tag?post=4648"}],"curies":[{"name":"wp","href":"https:\/\/api.w.org\/{rel}","templated":true}]}}