{"id":10075,"date":"2023-01-23T09:49:48","date_gmt":"2023-01-23T08:49:48","guid":{"rendered":"https:\/\/www.stichbystich.de\/wp\/?post_type=product&#038;p=10075"},"modified":"2025-12-28T13:50:39","modified_gmt":"2025-12-28T12:50:39","slug":"dreispitz-mit-rot-weissen-stoff-bezogen","status":"publish","type":"product","link":"https:\/\/www.stichbystich.de\/wp\/produkt\/dreispitz-mit-rot-weissen-stoff-bezogen\/","title":{"rendered":"Dreispitz in rot-wei\u00df"},"content":{"rendered":"<h3>Damit sie als Kunde davon ausgehen k\u00f6nnen, das die H\u00fcte, die sie bei uns kaufen, von niemanden kopiert werden k\u00f6nnen, beziehen wir die kleinen Details\u00a0zum Gr\u00f6\u00dftenteils\u00a0aus dem Ausland oder entwerfen sie selber.<\/h3>\n<h3><strong>Hut-Gr\u00f6\u00dfe 55<\/strong><\/h3>\n<h3><\/h3>\n","protected":false},"excerpt":{"rendered":"<h3>Der Dreispitz ist mit rot-wei\u00dfen gestreiften Stoff bezogen und hat silberfarbene verschiedene Details. Der Hut-Rand ist mit rotem Satinband eingefasst, der mit silbernen Strasssteinen verziert ist. An der linken Hut-Seite ist unser selbst entworfener\u00a0 Clown. Im oberen Bereich ist ein Karnevals -H\u00fctchen mit kleinen extra Details in wundersch\u00f6nen Federn eingearbeitet. Am rechten Hut Seite ist das K\u00f6lner D\u00f6mchen und ein Herz eingearbeitet.<\/h3>\n<h3>Die Federn kommen aus einer renommierten Federfabrik.<\/h3>\n<h3><\/h3>\n","protected":false},"featured_media":10055,"comment_status":"open","ping_status":"closed","template":"","meta":[],"product_brand":[],"product_cat":[815,814],"product_tag":[820,847,821,819,818],"class_list":{"0":"post-10075","1":"product","2":"type-product","3":"status-publish","4":"has-post-thumbnail","6":"product_cat-dreispitze","7":"product_cat-karneval","8":"product_tag-dreispitz-karneval","9":"product_tag-facsinator","10":"product_tag-karneval-rot-weiss","11":"product_tag-karnevalsdreispitz","12":"product_tag-karnevalshut","14":"first","15":"outofstock","16":"taxable","17":"shipping-taxable","18":"product-type-simple"},"yoast_head":"<!-- This site is optimized with the Yoast SEO plugin v27.5 - https:\/\/yoast.com\/product\/yoast-seo-wordpress\/ -->\n<title>Dreispitz in rot-wei\u00df - stichbystich &amp; print<\/title>\n<meta name=\"robots\" content=\"index, follow, max-snippet:-1, max-image-preview:large, max-video-preview:-1\" \/>\n<link rel=\"canonical\" href=\"https:\/\/www.stichbystich.de\/wp\/produkt\/dreispitz-mit-rot-weissen-stoff-bezogen\/\" \/>\n<meta property=\"og:locale\" content=\"de_DE\" \/>\n<meta property=\"og:type\" content=\"article\" \/>\n<meta property=\"og:title\" content=\"Dreispitz in rot-wei\u00df - stichbystich &amp; print\" \/>\n<meta property=\"og:description\" content=\"Der Dreispitz ist mit rot-wei\u00dfen gestreiften Stoff bezogen und hat silberfarbene verschiedene Details. Der Hut-Rand ist mit rotem Satinband eingefasst, der mit silbernen Strasssteinen verziert ist. An der linken Hut-Seite ist unser selbst entworfener\u00a0 Clown. Im oberen Bereich ist ein Karnevals -H\u00fctchen mit kleinen extra Details in wundersch\u00f6nen Federn eingearbeitet. Am rechten Hut Seite ist das K\u00f6lner D\u00f6mchen und ein Herz eingearbeitet. Die Federn kommen aus einer renommierten Federfabrik.\" \/>\n<meta property=\"og:url\" content=\"https:\/\/www.stichbystich.de\/wp\/produkt\/dreispitz-mit-rot-weissen-stoff-bezogen\/\" \/>\n<meta property=\"og:site_name\" content=\"stichbystich &amp; print\" \/>\n<meta property=\"article:modified_time\" content=\"2025-12-28T12:50:39+00:00\" \/>\n<meta property=\"og:image\" content=\"https:\/\/www.stichbystich.de\/wp\/wp-content\/uploads\/1b-1.jpg\" \/>\n\t<meta property=\"og:image:width\" content=\"2048\" \/>\n\t<meta property=\"og:image:height\" content=\"1399\" \/>\n\t<meta property=\"og:image:type\" content=\"image\/jpeg\" \/>\n<meta name=\"twitter:card\" content=\"summary_large_image\" \/>\n<meta name=\"twitter:label1\" content=\"Gesch\u00e4tzte Lesezeit\" \/>\n\t<meta name=\"twitter:data1\" content=\"1\u00a0Minute\" \/>\n<script type=\"application\/ld+json\" class=\"yoast-schema-graph\">{\"@context\":\"https:\\\/\\\/schema.org\",\"@graph\":[{\"@type\":\"WebPage\",\"@id\":\"https:\\\/\\\/www.stichbystich.de\\\/wp\\\/produkt\\\/dreispitz-mit-rot-weissen-stoff-bezogen\\\/\",\"url\":\"https:\\\/\\\/www.stichbystich.de\\\/wp\\\/produkt\\\/dreispitz-mit-rot-weissen-stoff-bezogen\\\/\",\"name\":\"Dreispitz in rot-wei\u00df - stichbystich &amp; print\",\"isPartOf\":{\"@id\":\"https:\\\/\\\/www.stichbystich.de\\\/wp\\\/#website\"},\"primaryImageOfPage\":{\"@id\":\"https:\\\/\\\/www.stichbystich.de\\\/wp\\\/produkt\\\/dreispitz-mit-rot-weissen-stoff-bezogen\\\/#primaryimage\"},\"image\":{\"@id\":\"https:\\\/\\\/www.stichbystich.de\\\/wp\\\/produkt\\\/dreispitz-mit-rot-weissen-stoff-bezogen\\\/#primaryimage\"},\"thumbnailUrl\":\"https:\\\/\\\/www.stichbystich.de\\\/wp\\\/wp-content\\\/uploads\\\/1b-1.jpg\",\"datePublished\":\"2023-01-23T08:49:48+00:00\",\"dateModified\":\"2025-12-28T12:50:39+00:00\",\"breadcrumb\":{\"@id\":\"https:\\\/\\\/www.stichbystich.de\\\/wp\\\/produkt\\\/dreispitz-mit-rot-weissen-stoff-bezogen\\\/#breadcrumb\"},\"inLanguage\":\"de\",\"potentialAction\":[{\"@type\":\"ReadAction\",\"target\":[\"https:\\\/\\\/www.stichbystich.de\\\/wp\\\/produkt\\\/dreispitz-mit-rot-weissen-stoff-bezogen\\\/\"]}]},{\"@type\":\"ImageObject\",\"inLanguage\":\"de\",\"@id\":\"https:\\\/\\\/www.stichbystich.de\\\/wp\\\/produkt\\\/dreispitz-mit-rot-weissen-stoff-bezogen\\\/#primaryimage\",\"url\":\"https:\\\/\\\/www.stichbystich.de\\\/wp\\\/wp-content\\\/uploads\\\/1b-1.jpg\",\"contentUrl\":\"https:\\\/\\\/www.stichbystich.de\\\/wp\\\/wp-content\\\/uploads\\\/1b-1.jpg\",\"width\":2048,\"height\":1399},{\"@type\":\"BreadcrumbList\",\"@id\":\"https:\\\/\\\/www.stichbystich.de\\\/wp\\\/produkt\\\/dreispitz-mit-rot-weissen-stoff-bezogen\\\/#breadcrumb\",\"itemListElement\":[{\"@type\":\"ListItem\",\"position\":1,\"name\":\"Startseite\",\"item\":\"https:\\\/\\\/www.stichbystich.de\\\/wp\\\/\"},{\"@type\":\"ListItem\",\"position\":2,\"name\":\"STICHBYSTICH &#8211; KREATIV-Shop und meine Standorte in Bergisch Gladbach\",\"item\":\"https:\\\/\\\/www.stichbystich.de\\\/wp\\\/\"},{\"@type\":\"ListItem\",\"position\":3,\"name\":\"Dreispitz in rot-wei\u00df\"}]},{\"@type\":\"WebSite\",\"@id\":\"https:\\\/\\\/www.stichbystich.de\\\/wp\\\/#website\",\"url\":\"https:\\\/\\\/www.stichbystich.de\\\/wp\\\/\",\"name\":\"stichbystich\",\"description\":\"Stickerei - print - Strass\",\"publisher\":{\"@id\":\"https:\\\/\\\/www.stichbystich.de\\\/wp\\\/#organization\"},\"potentialAction\":[{\"@type\":\"SearchAction\",\"target\":{\"@type\":\"EntryPoint\",\"urlTemplate\":\"https:\\\/\\\/www.stichbystich.de\\\/wp\\\/?s={search_term_string}\"},\"query-input\":{\"@type\":\"PropertyValueSpecification\",\"valueRequired\":true,\"valueName\":\"search_term_string\"}}],\"inLanguage\":\"de\"},{\"@type\":\"Organization\",\"@id\":\"https:\\\/\\\/www.stichbystich.de\\\/wp\\\/#organization\",\"name\":\"stichbystich\",\"url\":\"https:\\\/\\\/www.stichbystich.de\\\/wp\\\/\",\"logo\":{\"@type\":\"ImageObject\",\"inLanguage\":\"de\",\"@id\":\"https:\\\/\\\/www.stichbystich.de\\\/wp\\\/#\\\/schema\\\/logo\\\/image\\\/\",\"url\":\"https:\\\/\\\/www.stichbystich.de\\\/wp\\\/wp-content\\\/uploads\\\/cropped-sbs-Logo-Internet-kleiner-1.png\",\"contentUrl\":\"https:\\\/\\\/www.stichbystich.de\\\/wp\\\/wp-content\\\/uploads\\\/cropped-sbs-Logo-Internet-kleiner-1.png\",\"width\":75,\"height\":107,\"caption\":\"stichbystich\"},\"image\":{\"@id\":\"https:\\\/\\\/www.stichbystich.de\\\/wp\\\/#\\\/schema\\\/logo\\\/image\\\/\"}}]}<\/script>\n<!-- \/ Yoast SEO plugin. -->","yoast_head_json":{"title":"Dreispitz in rot-wei\u00df - stichbystich &amp; print","robots":{"index":"index","follow":"follow","max-snippet":"max-snippet:-1","max-image-preview":"max-image-preview:large","max-video-preview":"max-video-preview:-1"},"canonical":"https:\/\/www.stichbystich.de\/wp\/produkt\/dreispitz-mit-rot-weissen-stoff-bezogen\/","og_locale":"de_DE","og_type":"article","og_title":"Dreispitz in rot-wei\u00df - stichbystich &amp; print","og_description":"Der Dreispitz ist mit rot-wei\u00dfen gestreiften Stoff bezogen und hat silberfarbene verschiedene Details. Der Hut-Rand ist mit rotem Satinband eingefasst, der mit silbernen Strasssteinen verziert ist. An der linken Hut-Seite ist unser selbst entworfener\u00a0 Clown. Im oberen Bereich ist ein Karnevals -H\u00fctchen mit kleinen extra Details in wundersch\u00f6nen Federn eingearbeitet. Am rechten Hut Seite ist das K\u00f6lner D\u00f6mchen und ein Herz eingearbeitet. Die Federn kommen aus einer renommierten Federfabrik.","og_url":"https:\/\/www.stichbystich.de\/wp\/produkt\/dreispitz-mit-rot-weissen-stoff-bezogen\/","og_site_name":"stichbystich &amp; print","article_modified_time":"2025-12-28T12:50:39+00:00","og_image":[{"width":2048,"height":1399,"url":"https:\/\/www.stichbystich.de\/wp\/wp-content\/uploads\/1b-1.jpg","type":"image\/jpeg"}],"twitter_card":"summary_large_image","twitter_misc":{"Gesch\u00e4tzte Lesezeit":"1\u00a0Minute"},"schema":{"@context":"https:\/\/schema.org","@graph":[{"@type":"WebPage","@id":"https:\/\/www.stichbystich.de\/wp\/produkt\/dreispitz-mit-rot-weissen-stoff-bezogen\/","url":"https:\/\/www.stichbystich.de\/wp\/produkt\/dreispitz-mit-rot-weissen-stoff-bezogen\/","name":"Dreispitz in rot-wei\u00df - stichbystich &amp; print","isPartOf":{"@id":"https:\/\/www.stichbystich.de\/wp\/#website"},"primaryImageOfPage":{"@id":"https:\/\/www.stichbystich.de\/wp\/produkt\/dreispitz-mit-rot-weissen-stoff-bezogen\/#primaryimage"},"image":{"@id":"https:\/\/www.stichbystich.de\/wp\/produkt\/dreispitz-mit-rot-weissen-stoff-bezogen\/#primaryimage"},"thumbnailUrl":"https:\/\/www.stichbystich.de\/wp\/wp-content\/uploads\/1b-1.jpg","datePublished":"2023-01-23T08:49:48+00:00","dateModified":"2025-12-28T12:50:39+00:00","breadcrumb":{"@id":"https:\/\/www.stichbystich.de\/wp\/produkt\/dreispitz-mit-rot-weissen-stoff-bezogen\/#breadcrumb"},"inLanguage":"de","potentialAction":[{"@type":"ReadAction","target":["https:\/\/www.stichbystich.de\/wp\/produkt\/dreispitz-mit-rot-weissen-stoff-bezogen\/"]}]},{"@type":"ImageObject","inLanguage":"de","@id":"https:\/\/www.stichbystich.de\/wp\/produkt\/dreispitz-mit-rot-weissen-stoff-bezogen\/#primaryimage","url":"https:\/\/www.stichbystich.de\/wp\/wp-content\/uploads\/1b-1.jpg","contentUrl":"https:\/\/www.stichbystich.de\/wp\/wp-content\/uploads\/1b-1.jpg","width":2048,"height":1399},{"@type":"BreadcrumbList","@id":"https:\/\/www.stichbystich.de\/wp\/produkt\/dreispitz-mit-rot-weissen-stoff-bezogen\/#breadcrumb","itemListElement":[{"@type":"ListItem","position":1,"name":"Startseite","item":"https:\/\/www.stichbystich.de\/wp\/"},{"@type":"ListItem","position":2,"name":"STICHBYSTICH &#8211; KREATIV-Shop und meine Standorte in Bergisch Gladbach","item":"https:\/\/www.stichbystich.de\/wp\/"},{"@type":"ListItem","position":3,"name":"Dreispitz in rot-wei\u00df"}]},{"@type":"WebSite","@id":"https:\/\/www.stichbystich.de\/wp\/#website","url":"https:\/\/www.stichbystich.de\/wp\/","name":"stichbystich","description":"Stickerei - print - Strass","publisher":{"@id":"https:\/\/www.stichbystich.de\/wp\/#organization"},"potentialAction":[{"@type":"SearchAction","target":{"@type":"EntryPoint","urlTemplate":"https:\/\/www.stichbystich.de\/wp\/?s={search_term_string}"},"query-input":{"@type":"PropertyValueSpecification","valueRequired":true,"valueName":"search_term_string"}}],"inLanguage":"de"},{"@type":"Organization","@id":"https:\/\/www.stichbystich.de\/wp\/#organization","name":"stichbystich","url":"https:\/\/www.stichbystich.de\/wp\/","logo":{"@type":"ImageObject","inLanguage":"de","@id":"https:\/\/www.stichbystich.de\/wp\/#\/schema\/logo\/image\/","url":"https:\/\/www.stichbystich.de\/wp\/wp-content\/uploads\/cropped-sbs-Logo-Internet-kleiner-1.png","contentUrl":"https:\/\/www.stichbystich.de\/wp\/wp-content\/uploads\/cropped-sbs-Logo-Internet-kleiner-1.png","width":75,"height":107,"caption":"stichbystich"},"image":{"@id":"https:\/\/www.stichbystich.de\/wp\/#\/schema\/logo\/image\/"}}]}},"_links":{"self":[{"href":"https:\/\/www.stichbystich.de\/wp\/wp-json\/wp\/v2\/product\/10075","targetHints":{"allow":["GET"]}}],"collection":[{"href":"https:\/\/www.stichbystich.de\/wp\/wp-json\/wp\/v2\/product"}],"about":[{"href":"https:\/\/www.stichbystich.de\/wp\/wp-json\/wp\/v2\/types\/product"}],"replies":[{"embeddable":true,"href":"https:\/\/www.stichbystich.de\/wp\/wp-json\/wp\/v2\/comments?post=10075"}],"wp:featuredmedia":[{"embeddable":true,"href":"https:\/\/www.stichbystich.de\/wp\/wp-json\/wp\/v2\/media\/10055"}],"wp:attachment":[{"href":"https:\/\/www.stichbystich.de\/wp\/wp-json\/wp\/v2\/media?parent=10075"}],"wp:term":[{"taxonomy":"product_brand","embeddable":true,"href":"https:\/\/www.stichbystich.de\/wp\/wp-json\/wp\/v2\/product_brand?post=10075"},{"taxonomy":"product_cat","embeddable":true,"href":"https:\/\/www.stichbystich.de\/wp\/wp-json\/wp\/v2\/product_cat?post=10075"},{"taxonomy":"product_tag","embeddable":true,"href":"https:\/\/www.stichbystich.de\/wp\/wp-json\/wp\/v2\/product_tag?post=10075"}],"curies":[{"name":"wp","href":"https:\/\/api.w.org\/{rel}","templated":true}]}}